{"id":691,"date":"2021-05-19T06:57:51","date_gmt":"2021-05-19T06:57:51","guid":{"rendered":"https:\/\/metzgerei-burk.de\/?page_id=691"},"modified":"2022-10-12T07:33:48","modified_gmt":"2022-10-12T07:33:48","slug":"chronik","status":"publish","type":"page","link":"https:\/\/metzgerei-burk.de\/?page_id=691","title":{"rendered":"Chronik"},"content":{"rendered":"\t\t<div data-elementor-type=\"wp-page\" data-elementor-id=\"691\" class=\"elementor elementor-691\" data-elementor-post-type=\"page\">\n\t\t\t\t\t\t<section class=\"elementor-section elementor-top-section elementor-element elementor-element-5cb07f85 elementor-section-boxed elementor-section-height-default elementor-section-height-default\" data-id=\"5cb07f85\" data-element_type=\"section\" data-e-type=\"section\" data-settings=\"{&quot;background_background&quot;:&quot;classic&quot;}\">\n\t\t\t\t\t\t<div class=\"elementor-container elementor-column-gap-default\">\n\t\t\t\t\t<div class=\"elementor-column elementor-col-50 elementor-top-column elementor-element elementor-element-2bf17f54\" data-id=\"2bf17f54\" data-element_type=\"column\" data-e-type=\"column\">\n\t\t\t<div class=\"elementor-widget-wrap elementor-element-populated\">\n\t\t\t\t\t\t<div class=\"elementor-element elementor-element-24d65a0d elementor-widget elementor-widget-image\" data-id=\"24d65a0d\" data-element_type=\"widget\" data-e-type=\"widget\" data-widget_type=\"image.default\">\n\t\t\t\t<div class=\"elementor-widget-container\">\n\t\t\t\t\t\t\t\t\t\t\t\t\t\t\t<img decoding=\"async\" width=\"300\" height=\"48\" src=\"https:\/\/metzgerei-burk.de\/wp-content\/uploads\/2021\/04\/Logo-Burk-lang-weiss-300x48.png\" class=\"attachment-medium size-medium wp-image-119\" alt=\"\" srcset=\"https:\/\/metzgerei-burk.de\/wp-content\/uploads\/2021\/04\/Logo-Burk-lang-weiss-300x48.png 300w, https:\/\/metzgerei-burk.de\/wp-content\/uploads\/2021\/04\/Logo-Burk-lang-weiss-1024x163.png 1024w, https:\/\/metzgerei-burk.de\/wp-content\/uploads\/2021\/04\/Logo-Burk-lang-weiss-768x123.png 768w, https:\/\/metzgerei-burk.de\/wp-content\/uploads\/2021\/04\/Logo-Burk-lang-weiss-1536x245.png 1536w, https:\/\/metzgerei-burk.de\/wp-content\/uploads\/2021\/04\/Logo-Burk-lang-weiss.png 1542w\" sizes=\"(max-width: 300px) 100vw, 300px\" \/>\t\t\t\t\t\t\t\t\t\t\t\t\t\t\t<\/div>\n\t\t\t\t<\/div>\n\t\t\t\t\t<\/div>\n\t\t<\/div>\n\t\t\t\t<div class=\"elementor-column elementor-col-50 elementor-top-column elementor-element elementor-element-204035c0\" data-id=\"204035c0\" data-element_type=\"column\" data-e-type=\"column\">\n\t\t\t<div class=\"elementor-widget-wrap elementor-element-populated\">\n\t\t\t\t\t\t<div class=\"elementor-element elementor-element-110a2f2b elementor-nav-menu--dropdown-tablet elementor-nav-menu__text-align-aside elementor-nav-menu--toggle elementor-nav-menu--burger elementor-widget elementor-widget-nav-menu\" data-id=\"110a2f2b\" data-element_type=\"widget\" data-e-type=\"widget\" data-settings=\"{&quot;motion_fx_motion_fx_mouse&quot;:&quot;yes&quot;,&quot;sticky&quot;:&quot;top&quot;,&quot;layout&quot;:&quot;horizontal&quot;,&quot;submenu_icon&quot;:{&quot;value&quot;:&quot;&lt;i class=\\&quot;fas fa-caret-down\\&quot; aria-hidden=\\&quot;true\\&quot;&gt;&lt;\\\/i&gt;&quot;,&quot;library&quot;:&quot;fa-solid&quot;},&quot;toggle&quot;:&quot;burger&quot;,&quot;sticky_on&quot;:[&quot;desktop&quot;,&quot;tablet&quot;,&quot;mobile&quot;],&quot;sticky_offset&quot;:0,&quot;sticky_effects_offset&quot;:0,&quot;sticky_anchor_link_offset&quot;:0}\" data-widget_type=\"nav-menu.default\">\n\t\t\t\t<div class=\"elementor-widget-container\">\n\t\t\t\t\t\t\t\t<nav aria-label=\"Men\u00fc\" class=\"elementor-nav-menu--main elementor-nav-menu__container elementor-nav-menu--layout-horizontal e--pointer-underline e--animation-fade\">\n\t\t\t\t<ul id=\"menu-1-110a2f2b\" class=\"elementor-nav-menu\"><li class=\"menu-item menu-item-type-post_type menu-item-object-page menu-item-home menu-item-106\"><a href=\"https:\/\/metzgerei-burk.de\/\" class=\"elementor-item\">Startseite<\/a><\/li>\n<li class=\"menu-item menu-item-type-post_type menu-item-object-page menu-item-160\"><a href=\"https:\/\/metzgerei-burk.de\/?page_id=149\" class=\"elementor-item\">Angebote<\/a><\/li>\n<li class=\"menu-item menu-item-type-post_type menu-item-object-page menu-item-159\"><a href=\"https:\/\/metzgerei-burk.de\/?page_id=151\" class=\"elementor-item\">Catering<\/a><\/li>\n<li class=\"menu-item menu-item-type-post_type menu-item-object-page menu-item-157\"><a href=\"https:\/\/metzgerei-burk.de\/?page_id=155\" class=\"elementor-item\">Produktion<\/a><\/li>\n<li class=\"menu-item menu-item-type-post_type menu-item-object-page menu-item-723\"><a href=\"https:\/\/metzgerei-burk.de\/?page_id=691\" class=\"elementor-item\">Chronik<\/a><\/li>\n<li class=\"menu-item menu-item-type-post_type menu-item-object-page menu-item-515\"><a href=\"https:\/\/metzgerei-burk.de\/?page_id=216\" class=\"elementor-item\">Kontakt<\/a><\/li>\n<\/ul>\t\t\t<\/nav>\n\t\t\t\t\t<div class=\"elementor-menu-toggle\" role=\"button\" tabindex=\"0\" aria-label=\"Men\u00fc Umschalter\" aria-expanded=\"false\">\n\t\t\t<i aria-hidden=\"true\" role=\"presentation\" class=\"elementor-menu-toggle__icon--open eicon-menu-bar\"><\/i><i aria-hidden=\"true\" role=\"presentation\" class=\"elementor-menu-toggle__icon--close eicon-close\"><\/i>\t\t<\/div>\n\t\t\t\t\t<nav class=\"elementor-nav-menu--dropdown elementor-nav-menu__container\" aria-hidden=\"true\">\n\t\t\t\t<ul id=\"menu-2-110a2f2b\" class=\"elementor-nav-menu\"><li class=\"menu-item menu-item-type-post_type menu-item-object-page menu-item-home menu-item-106\"><a href=\"https:\/\/metzgerei-burk.de\/\" class=\"elementor-item\" tabindex=\"-1\">Startseite<\/a><\/li>\n<li class=\"menu-item menu-item-type-post_type menu-item-object-page menu-item-160\"><a href=\"https:\/\/metzgerei-burk.de\/?page_id=149\" class=\"elementor-item\" tabindex=\"-1\">Angebote<\/a><\/li>\n<li class=\"menu-item menu-item-type-post_type menu-item-object-page menu-item-159\"><a href=\"https:\/\/metzgerei-burk.de\/?page_id=151\" class=\"elementor-item\" tabindex=\"-1\">Catering<\/a><\/li>\n<li class=\"menu-item menu-item-type-post_type menu-item-object-page menu-item-157\"><a href=\"https:\/\/metzgerei-burk.de\/?page_id=155\" class=\"elementor-item\" tabindex=\"-1\">Produktion<\/a><\/li>\n<li class=\"menu-item menu-item-type-post_type menu-item-object-page menu-item-723\"><a href=\"https:\/\/metzgerei-burk.de\/?page_id=691\" class=\"elementor-item\" tabindex=\"-1\">Chronik<\/a><\/li>\n<li class=\"menu-item menu-item-type-post_type menu-item-object-page menu-item-515\"><a href=\"https:\/\/metzgerei-burk.de\/?page_id=216\" class=\"elementor-item\" tabindex=\"-1\">Kontakt<\/a><\/li>\n<\/ul>\t\t\t<\/nav>\n\t\t\t\t\t\t<\/div>\n\t\t\t\t<\/div>\n\t\t\t\t\t<\/div>\n\t\t<\/div>\n\t\t\t\t\t<\/div>\n\t\t<\/section>\n\t\t\t\t<section class=\"elementor-section elementor-top-section elementor-element elementor-element-42b4e640 elementor-section-boxed elementor-section-height-default elementor-section-height-default\" data-id=\"42b4e640\" data-element_type=\"section\" data-e-type=\"section\" data-settings=\"{&quot;background_background&quot;:&quot;classic&quot;,&quot;shape_divider_top&quot;:&quot;opacity-tilt&quot;}\">\n\t\t\t\t\t\t\t<div class=\"elementor-background-overlay\"><\/div>\n\t\t\t\t\t\t<div class=\"elementor-shape elementor-shape-top\" aria-hidden=\"true\" data-negative=\"false\">\n\t\t\t<svg xmlns=\"http:\/\/www.w3.org\/2000\/svg\" viewBox=\"0 0 2600 131.1\" preserveAspectRatio=\"none\">\n\t<path class=\"elementor-shape-fill\" d=\"M0 0L2600 0 2600 69.1 0 0z\"\/>\n\t<path class=\"elementor-shape-fill\" style=\"opacity:0.5\" d=\"M0 0L2600 0 2600 69.1 0 69.1z\"\/>\n\t<path class=\"elementor-shape-fill\" style=\"opacity:0.25\" d=\"M2600 0L0 0 0 130.1 2600 69.1z\"\/>\n<\/svg>\t\t<\/div>\n\t\t\t\t\t<div class=\"elementor-container elementor-column-gap-default\">\n\t\t\t\t\t<div class=\"elementor-column elementor-col-100 elementor-top-column elementor-element elementor-element-1980e31a\" data-id=\"1980e31a\" data-element_type=\"column\" data-e-type=\"column\">\n\t\t\t<div class=\"elementor-widget-wrap elementor-element-populated\">\n\t\t\t\t\t\t<div class=\"elementor-element elementor-element-9c8540d elementor-widget elementor-widget-heading\" data-id=\"9c8540d\" data-element_type=\"widget\" data-e-type=\"widget\" data-widget_type=\"heading.default\">\n\t\t\t\t<div class=\"elementor-widget-container\">\n\t\t\t\t\t<h2 class=\"elementor-heading-title elementor-size-default\">Die Chronik der metzgerei<\/h2>\t\t\t\t<\/div>\n\t\t\t\t<\/div>\n\t\t\t\t<section class=\"elementor-section elementor-inner-section elementor-element elementor-element-5144a4d2 elementor-section-boxed elementor-section-height-default elementor-section-height-default\" data-id=\"5144a4d2\" data-element_type=\"section\" data-e-type=\"section\">\n\t\t\t\t\t\t<div class=\"elementor-container elementor-column-gap-default\">\n\t\t\t\t\t<div class=\"elementor-column elementor-col-50 elementor-inner-column elementor-element elementor-element-2a3bbae1\" data-id=\"2a3bbae1\" data-element_type=\"column\" data-e-type=\"column\">\n\t\t\t<div class=\"elementor-widget-wrap elementor-element-populated\">\n\t\t\t\t\t\t<div class=\"elementor-element elementor-element-0663897 elementor-widget elementor-widget-image\" data-id=\"0663897\" data-element_type=\"widget\" data-e-type=\"widget\" data-settings=\"{&quot;_animation_mobile&quot;:&quot;fadeIn&quot;}\" data-widget_type=\"image.default\">\n\t\t\t\t<div class=\"elementor-widget-container\">\n\t\t\t\t\t\t\t\t\t\t\t\t\t\t\t\t<a href=\"https:\/\/metzgerei-burk.de\/wp-content\/uploads\/2021\/05\/Metzgerei-Burk.jpg\" data-elementor-open-lightbox=\"yes\" data-elementor-lightbox-title=\"Metzgerei-Burk\" data-e-action-hash=\"#elementor-action%3Aaction%3Dlightbox%26settings%3DeyJpZCI6Njk0LCJ1cmwiOiJodHRwczpcL1wvbWV0emdlcmVpLWJ1cmsuZGVcL3dwLWNvbnRlbnRcL3VwbG9hZHNcLzIwMjFcLzA1XC9NZXR6Z2VyZWktQnVyay5qcGcifQ%3D%3D\">\n\t\t\t\t\t\t\t<img fetchpriority=\"high\" decoding=\"async\" width=\"550\" height=\"330\" src=\"https:\/\/metzgerei-burk.de\/wp-content\/uploads\/2021\/05\/Metzgerei-Burk.jpg\" class=\"attachment-large size-large wp-image-694\" alt=\"\" srcset=\"https:\/\/metzgerei-burk.de\/wp-content\/uploads\/2021\/05\/Metzgerei-Burk.jpg 550w, https:\/\/metzgerei-burk.de\/wp-content\/uploads\/2021\/05\/Metzgerei-Burk-300x180.jpg 300w\" sizes=\"(max-width: 550px) 100vw, 550px\" \/>\t\t\t\t\t\t\t\t<\/a>\n\t\t\t\t\t\t\t\t\t\t\t\t\t\t\t<\/div>\n\t\t\t\t<\/div>\n\t\t\t\t<div class=\"elementor-element elementor-element-87afba2 elementor-widget elementor-widget-image\" data-id=\"87afba2\" data-element_type=\"widget\" data-e-type=\"widget\" data-widget_type=\"image.default\">\n\t\t\t\t<div class=\"elementor-widget-container\">\n\t\t\t\t\t\t\t\t\t\t\t\t\t\t\t\t<a href=\"https:\/\/metzgerei-burk.de\/wp-content\/uploads\/2021\/05\/Metzgerei-Burk2.jpg\" data-elementor-open-lightbox=\"yes\" data-elementor-lightbox-title=\"Metzgerei-Burk2\" data-e-action-hash=\"#elementor-action%3Aaction%3Dlightbox%26settings%3DeyJpZCI6Njk1LCJ1cmwiOiJodHRwczpcL1wvbWV0emdlcmVpLWJ1cmsuZGVcL3dwLWNvbnRlbnRcL3VwbG9hZHNcLzIwMjFcLzA1XC9NZXR6Z2VyZWktQnVyazIuanBnIn0%3D\">\n\t\t\t\t\t\t\t<img decoding=\"async\" width=\"550\" height=\"330\" src=\"https:\/\/metzgerei-burk.de\/wp-content\/uploads\/2021\/05\/Metzgerei-Burk2.jpg\" class=\"attachment-large size-large wp-image-695\" alt=\"\" srcset=\"https:\/\/metzgerei-burk.de\/wp-content\/uploads\/2021\/05\/Metzgerei-Burk2.jpg 550w, https:\/\/metzgerei-burk.de\/wp-content\/uploads\/2021\/05\/Metzgerei-Burk2-300x180.jpg 300w\" sizes=\"(max-width: 550px) 100vw, 550px\" \/>\t\t\t\t\t\t\t\t<\/a>\n\t\t\t\t\t\t\t\t\t\t\t\t\t\t\t<\/div>\n\t\t\t\t<\/div>\n\t\t\t\t\t<\/div>\n\t\t<\/div>\n\t\t\t\t<div class=\"elementor-column elementor-col-50 elementor-inner-column elementor-element elementor-element-35b0178c\" data-id=\"35b0178c\" data-element_type=\"column\" data-e-type=\"column\">\n\t\t\t<div class=\"elementor-widget-wrap elementor-element-populated\">\n\t\t\t\t\t\t<div class=\"elementor-element elementor-element-7a08fee9 elementor-widget elementor-widget-text-editor\" data-id=\"7a08fee9\" data-element_type=\"widget\" data-e-type=\"widget\" data-widget_type=\"text-editor.default\">\n\t\t\t\t<div class=\"elementor-widget-container\">\n\t\t\t\t\t\t\t\t\t<div class=\"wpb_column vc_column_container vc_col-sm-6\"><div class=\"vc_column-inner\"><div class=\"wpb_wrapper\"><div class=\"wpb_text_column wpb_content_element \"><div class=\"wpb_wrapper\"><p><strong>11.11.1898:<\/strong> Louis Engelberth l\u00e4sst sich in die Allendorfer Handwerksrolle als Schlachter eintragen.<br \/>Er errichtet am heutigen Sitz des Stammhauses einen Schlachtbetrieb.<\/p><p><strong>1936:<\/strong> Willi Engelberth, j\u00fcngstes Kind von drei S\u00f6hnen und einer Tochter, \u00fcbernimmt den Schlachtbetrieb.<\/p><p><strong>1951-1952:<\/strong> Willi Engelberth baut das Gesch\u00e4ftsgeb\u00e4ude zu einer Metzgerei mit eigenem Schlachthaus um.<\/p><p><strong>1971:<\/strong> Tochter Margret und Ehemann Siegfried Burk \u00fcbernehmen den Betrieb.<\/p><p><strong>1979:<\/strong> Siegfried und Margret Burk er\u00f6ffnen nach aufw\u00e4ndigen Neubauarbeiten das neue Ladengesch\u00e4ft.<\/p><p><strong>1985:<\/strong> Sohn Achim legt auf den Tag am 19. Oktober, genau 20 Jahre nach seinem Vater<br \/>und ebenfalls in Heidelberg, seine Meisterpr\u00fcfung als Metzger ab.<\/p><p><strong>1987:<\/strong> Sohn Tino absolviert seine Kochlehre und er\u00f6ffnet 1992 sein eigenes Restaurant.<br \/>Bei Bedarf arbeitet er auch heute noch mit seinem Bruder Achim im Partyservicebereich.<\/p><p><strong>1992:<\/strong> Die Produktionsr\u00e4ume in Allendorf werden erneuert, die erste Filiale in Haiger er\u00f6ffnet.<\/p><p><strong>1996:<\/strong> Achim Burk \u00fcbernimmt nach dem \u00fcberraschenden Tod seines Vaters die Gesch\u00e4ftsf\u00fchrung des Betriebs.<\/p><p><strong>2001:<\/strong> Achim Burk wird Inhaber.<\/p><p><strong>2014:<\/strong> Ausbau des Partyservice-Abteilung.<\/p><p><strong>2018:<\/strong> Modernisierung des Ladengesch\u00e4fts.<\/p><\/div><\/div><\/div><\/div><\/div>\t\t\t\t\t\t\t\t<\/div>\n\t\t\t\t<\/div>\n\t\t\t\t\t<\/div>\n\t\t<\/div>\n\t\t\t\t\t<\/div>\n\t\t<\/section>\n\t\t\t\t\t<\/div>\n\t\t<\/div>\n\t\t\t\t\t<\/div>\n\t\t<\/section>\n\t\t\t\t<section class=\"elementor-section elementor-top-section elementor-element elementor-element-74b7dd15 elementor-section-boxed elementor-section-height-default elementor-section-height-default\" data-id=\"74b7dd15\" data-element_type=\"section\" data-e-type=\"section\" data-settings=\"{&quot;background_background&quot;:&quot;classic&quot;}\">\n\t\t\t\t\t\t<div class=\"elementor-container elementor-column-gap-default\">\n\t\t\t\t\t<div class=\"elementor-column elementor-col-33 elementor-top-column elementor-element elementor-element-7d95e20e\" data-id=\"7d95e20e\" data-element_type=\"column\" data-e-type=\"column\">\n\t\t\t<div class=\"elementor-widget-wrap elementor-element-populated\">\n\t\t\t\t\t\t<div class=\"elementor-element elementor-element-3dd709cc elementor-shape-rounded elementor-grid-0 e-grid-align-center elementor-widget elementor-widget-social-icons\" data-id=\"3dd709cc\" data-element_type=\"widget\" data-e-type=\"widget\" data-widget_type=\"social-icons.default\">\n\t\t\t\t<div class=\"elementor-widget-container\">\n\t\t\t\t\t\t\t<div class=\"elementor-social-icons-wrapper elementor-grid\" role=\"list\">\n\t\t\t\t\t\t\t<span class=\"elementor-grid-item\" role=\"listitem\">\n\t\t\t\t\t<a class=\"elementor-icon elementor-social-icon elementor-social-icon-facebook elementor-repeater-item-538a57b\" href=\"https:\/\/www.facebook.com\/cateringburk\/\" target=\"_blank\">\n\t\t\t\t\t\t<span class=\"elementor-screen-only\">Facebook<\/span>\n\t\t\t\t\t\t<i aria-hidden=\"true\" class=\"fab fa-facebook\"><\/i>\t\t\t\t\t<\/a>\n\t\t\t\t<\/span>\n\t\t\t\t\t\t\t<span class=\"elementor-grid-item\" role=\"listitem\">\n\t\t\t\t\t<a class=\"elementor-icon elementor-social-icon elementor-social-icon-instagram elementor-repeater-item-6068343\" target=\"_blank\">\n\t\t\t\t\t\t<span class=\"elementor-screen-only\">Instagram<\/span>\n\t\t\t\t\t\t<i aria-hidden=\"true\" class=\"fab fa-instagram\"><\/i>\t\t\t\t\t<\/a>\n\t\t\t\t<\/span>\n\t\t\t\t\t<\/div>\n\t\t\t\t\t\t<\/div>\n\t\t\t\t<\/div>\n\t\t\t\t\t<\/div>\n\t\t<\/div>\n\t\t\t\t<div class=\"elementor-column elementor-col-33 elementor-top-column elementor-element elementor-element-72e21708\" data-id=\"72e21708\" data-element_type=\"column\" data-e-type=\"column\">\n\t\t\t<div class=\"elementor-widget-wrap elementor-element-populated\">\n\t\t\t\t\t\t<div class=\"elementor-element elementor-element-734eda55 elementor-widget elementor-widget-text-editor\" data-id=\"734eda55\" data-element_type=\"widget\" data-e-type=\"widget\" data-widget_type=\"text-editor.default\">\n\t\t\t\t<div class=\"elementor-widget-container\">\n\t\t\t\t\t\t\t\t\t<p>\u00a9 2021 Burk Catering<\/p>\t\t\t\t\t\t\t\t<\/div>\n\t\t\t\t<\/div>\n\t\t\t\t\t<\/div>\n\t\t<\/div>\n\t\t\t\t<div class=\"elementor-column elementor-col-33 elementor-top-column elementor-element elementor-element-4ca115a7\" data-id=\"4ca115a7\" data-element_type=\"column\" data-e-type=\"column\">\n\t\t\t<div class=\"elementor-widget-wrap elementor-element-populated\">\n\t\t\t\t\t\t<div class=\"elementor-element elementor-element-5f09c821 elementor-nav-menu__align-end elementor-nav-menu--dropdown-tablet elementor-nav-menu__text-align-aside elementor-nav-menu--toggle elementor-nav-menu--burger elementor-widget elementor-widget-nav-menu\" data-id=\"5f09c821\" data-element_type=\"widget\" data-e-type=\"widget\" data-settings=\"{&quot;layout&quot;:&quot;horizontal&quot;,&quot;submenu_icon&quot;:{&quot;value&quot;:&quot;&lt;i class=\\&quot;fas fa-caret-down\\&quot; aria-hidden=\\&quot;true\\&quot;&gt;&lt;\\\/i&gt;&quot;,&quot;library&quot;:&quot;fa-solid&quot;},&quot;toggle&quot;:&quot;burger&quot;}\" data-widget_type=\"nav-menu.default\">\n\t\t\t\t<div class=\"elementor-widget-container\">\n\t\t\t\t\t\t\t\t<nav aria-label=\"Men\u00fc\" class=\"elementor-nav-menu--main elementor-nav-menu__container elementor-nav-menu--layout-horizontal e--pointer-none\">\n\t\t\t\t<ul id=\"menu-1-5f09c821\" class=\"elementor-nav-menu\"><li class=\"menu-item menu-item-type-post_type menu-item-object-page menu-item-489\"><a href=\"https:\/\/metzgerei-burk.de\/?page_id=469\" class=\"elementor-item\">Datenschutz<\/a><\/li>\n<li class=\"menu-item menu-item-type-post_type menu-item-object-page menu-item-490\"><a href=\"https:\/\/metzgerei-burk.de\/?page_id=467\" class=\"elementor-item\">Impressum<\/a><\/li>\n<\/ul>\t\t\t<\/nav>\n\t\t\t\t\t<div class=\"elementor-menu-toggle\" role=\"button\" tabindex=\"0\" aria-label=\"Men\u00fc Umschalter\" aria-expanded=\"false\">\n\t\t\t<i aria-hidden=\"true\" role=\"presentation\" class=\"elementor-menu-toggle__icon--open eicon-menu-bar\"><\/i><i aria-hidden=\"true\" role=\"presentation\" class=\"elementor-menu-toggle__icon--close eicon-close\"><\/i>\t\t<\/div>\n\t\t\t\t\t<nav class=\"elementor-nav-menu--dropdown elementor-nav-menu__container\" aria-hidden=\"true\">\n\t\t\t\t<ul id=\"menu-2-5f09c821\" class=\"elementor-nav-menu\"><li class=\"menu-item menu-item-type-post_type menu-item-object-page menu-item-489\"><a href=\"https:\/\/metzgerei-burk.de\/?page_id=469\" class=\"elementor-item\" tabindex=\"-1\">Datenschutz<\/a><\/li>\n<li class=\"menu-item menu-item-type-post_type menu-item-object-page menu-item-490\"><a href=\"https:\/\/metzgerei-burk.de\/?page_id=467\" class=\"elementor-item\" tabindex=\"-1\">Impressum<\/a><\/li>\n<\/ul>\t\t\t<\/nav>\n\t\t\t\t\t\t<\/div>\n\t\t\t\t<\/div>\n\t\t\t\t\t<\/div>\n\t\t<\/div>\n\t\t\t\t\t<\/div>\n\t\t<\/section>\n\t\t\t\t<\/div>\n\t\t","protected":false},"excerpt":{"rendered":"<p>Die Chronik der metzgerei 11.11.1898: Louis Engelberth l\u00e4sst sich in die Allendorfer Handwerksrolle als Schlachter eintragen.Er errichtet am heutigen Sitz des Stammhauses einen Schlachtbetrieb. 1936: Willi Engelberth, j\u00fcngstes Kind von drei S\u00f6hnen und einer Tochter, \u00fcbernimmt den Schlachtbetrieb. 1951-1952: Willi Engelberth baut das Gesch\u00e4ftsgeb\u00e4ude zu einer Metzgerei mit eigenem Schlachthaus um. 1971: Tochter Margret und [&hellip;]<\/p>\n","protected":false},"author":1,"featured_media":0,"parent":0,"menu_order":0,"comment_status":"closed","ping_status":"closed","template":"","meta":{"ocean_post_layout":"full-screen","ocean_both_sidebars_style":"","ocean_both_sidebars_content_width":0,"ocean_both_sidebars_sidebars_width":0,"ocean_sidebar":"0","ocean_second_sidebar":"0","ocean_disable_margins":"enable","ocean_add_body_class":"","ocean_shortcode_before_top_bar":"","ocean_shortcode_after_top_bar":"","ocean_shortcode_before_header":"","ocean_shortcode_after_header":"","ocean_has_shortcode":"","ocean_shortcode_after_title":"","ocean_shortcode_before_footer_widgets":"","ocean_shortcode_after_footer_widgets":"","ocean_shortcode_before_footer_bottom":"","ocean_shortcode_after_footer_bottom":"","ocean_display_top_bar":"off","ocean_display_header":"off","ocean_header_style":"","ocean_center_header_left_menu":"0","ocean_custom_header_template":"0","ocean_custom_logo":0,"ocean_custom_retina_logo":0,"ocean_custom_logo_max_width":0,"ocean_custom_logo_tablet_max_width":0,"ocean_custom_logo_mobile_max_width":0,"ocean_custom_logo_max_height":0,"ocean_custom_logo_tablet_max_height":0,"ocean_custom_logo_mobile_max_height":0,"ocean_header_custom_menu":"0","ocean_menu_typo_font_family":"0","ocean_menu_typo_font_subset":"","ocean_menu_typo_font_size":0,"ocean_menu_typo_font_size_tablet":0,"ocean_menu_typo_font_size_mobile":0,"ocean_menu_typo_font_size_unit":"px","ocean_menu_typo_font_weight":"","ocean_menu_typo_font_weight_tablet":"","ocean_menu_typo_font_weight_mobile":"","ocean_menu_typo_transform":"","ocean_menu_typo_transform_tablet":"","ocean_menu_typo_transform_mobile":"","ocean_menu_typo_line_height":0,"ocean_menu_typo_line_height_tablet":0,"ocean_menu_typo_line_height_mobile":0,"ocean_menu_typo_line_height_unit":"","ocean_menu_typo_spacing":0,"ocean_menu_typo_spacing_tablet":0,"ocean_menu_typo_spacing_mobile":0,"ocean_menu_typo_spacing_unit":"","ocean_menu_link_color":"","ocean_menu_link_color_hover":"","ocean_menu_link_color_active":"","ocean_menu_link_background":"","ocean_menu_link_hover_background":"","ocean_menu_link_active_background":"","ocean_menu_social_links_bg":"","ocean_menu_social_hover_links_bg":"","ocean_menu_social_links_color":"","ocean_menu_social_hover_links_color":"","ocean_disable_title":"on","ocean_disable_heading":"default","ocean_post_title":"","ocean_post_subheading":"","ocean_post_title_style":"","ocean_post_title_background_color":"","ocean_post_title_background":0,"ocean_post_title_bg_image_position":"","ocean_post_title_bg_image_attachment":"","ocean_post_title_bg_image_repeat":"","ocean_post_title_bg_image_size":"","ocean_post_title_height":0,"ocean_post_title_bg_overlay":0.5,"ocean_post_title_bg_overlay_color":"","ocean_disable_breadcrumbs":"default","ocean_breadcrumbs_color":"","ocean_breadcrumbs_separator_color":"","ocean_breadcrumbs_links_color":"","ocean_breadcrumbs_links_hover_color":"","ocean_display_footer_widgets":"off","ocean_display_footer_bottom":"off","ocean_custom_footer_template":"0","footnotes":""},"class_list":["post-691","page","type-page","status-publish","hentry","entry"],"_links":{"self":[{"href":"https:\/\/metzgerei-burk.de\/index.php?rest_route=\/wp\/v2\/pages\/691","targetHints":{"allow":["GET"]}}],"collection":[{"href":"https:\/\/metzgerei-burk.de\/index.php?rest_route=\/wp\/v2\/pages"}],"about":[{"href":"https:\/\/metzgerei-burk.de\/index.php?rest_route=\/wp\/v2\/types\/page"}],"author":[{"embeddable":true,"href":"https:\/\/metzgerei-burk.de\/index.php?rest_route=\/wp\/v2\/users\/1"}],"replies":[{"embeddable":true,"href":"https:\/\/metzgerei-burk.de\/index.php?rest_route=%2Fwp%2Fv2%2Fcomments&post=691"}],"version-history":[{"count":31,"href":"https:\/\/metzgerei-burk.de\/index.php?rest_route=\/wp\/v2\/pages\/691\/revisions"}],"predecessor-version":[{"id":1167,"href":"https:\/\/metzgerei-burk.de\/index.php?rest_route=\/wp\/v2\/pages\/691\/revisions\/1167"}],"wp:attachment":[{"href":"https:\/\/metzgerei-burk.de\/index.php?rest_route=%2Fwp%2Fv2%2Fmedia&parent=691"}],"curies":[{"name":"wp","href":"https:\/\/api.w.org\/{rel}","templated":true}]}}